{"id":10,"date":"2021-07-28T14:23:17","date_gmt":"2021-07-28T20:23:17","guid":{"rendered":"http:\/\/polinizadores.biologia.ucr.ac.cr\/?page_id=10"},"modified":"2021-08-04T15:27:57","modified_gmt":"2021-08-04T21:27:57","slug":"blog","status":"publish","type":"page","link":"https:\/\/polinizadores.biologia.ucr.ac.cr\/index.php\/blog\/","title":{"rendered":"Polinizadores"},"content":{"rendered":"\n<div style=\"height:60px\" aria-hidden=\"true\" class=\"wp-block-spacer\"><\/div>\n\n\n\n<div class=\"wp-block-image\"><figure class=\"aligncenter size-large is-resized\"><img loading=\"lazy\" decoding=\"async\" src=\"https:\/\/polinizadores.biologia.ucr.ac.cr\/wp-content\/uploads\/2021\/08\/MG_5894-1024x683.jpg\" alt=\"\" class=\"wp-image-193\" width=\"1024\" height=\"683\" srcset=\"https:\/\/polinizadores.biologia.ucr.ac.cr\/wp-content\/uploads\/2021\/08\/MG_5894-1024x683.jpg 1024w, https:\/\/polinizadores.biologia.ucr.ac.cr\/wp-content\/uploads\/2021\/08\/MG_5894-300x200.jpg 300w, https:\/\/polinizadores.biologia.ucr.ac.cr\/wp-content\/uploads\/2021\/08\/MG_5894-768x512.jpg 768w, https:\/\/polinizadores.biologia.ucr.ac.cr\/wp-content\/uploads\/2021\/08\/MG_5894-1536x1024.jpg 1536w, https:\/\/polinizadores.biologia.ucr.ac.cr\/wp-content\/uploads\/2021\/08\/MG_5894-2048x1365.jpg 2048w\" sizes=\"auto, (max-width: 1024px) 100vw, 1024px\" \/><\/figure><\/div>\n\n\n\n<div style=\"height:60px\" aria-hidden=\"true\" class=\"wp-block-spacer\"><\/div>\n\n\n\n<h2 class=\"has-text-color wp-block-heading\" style=\"color:#efc800\">Sobre la polinizaci\u00f3n<\/h2>\n\n\n\n<p class=\"has-small-font-size\">La polinizaci\u00f3n es un proceso natural en plantas que es necesario para la producci\u00f3n de frutos y semillas. Consiste en la transferencia del polen de una flor hacia el pistilo de otras flores, usualmente ocurre entre plantas de la misma especie, pero tambi\u00e9n puede ocurrir entre flores de la misma planta. Para llevar a cabo este proceso, la mayor\u00eda de plantas han desarrollado mecanismos y estructuras florales para utilizar a otros organismos -principalmente insectos &#8211; los cuales son atra\u00eddos a las flores y son los encargados de mover el polen de una flor a otra, convirti\u00e9ndose as\u00ed en polinizadores.<\/p>\n\n\n\n<div style=\"height:60px\" aria-hidden=\"true\" class=\"wp-block-spacer\"><\/div>\n\n\n\n<div class=\"wp-block-columns is-layout-flex wp-container-core-columns-is-layout-9d6595d7 wp-block-columns-is-layout-flex\">\n<div class=\"wp-block-column is-layout-flow wp-block-column-is-layout-flow\" style=\"flex-basis:66.66%\">\n<figure class=\"wp-block-image size-large\"><img loading=\"lazy\" decoding=\"async\" width=\"1024\" height=\"768\" src=\"https:\/\/polinizadores.biologia.ucr.ac.cr\/wp-content\/uploads\/2021\/08\/IMG_6791-1-2-1024x768.jpg\" alt=\"\" class=\"wp-image-201\" srcset=\"https:\/\/polinizadores.biologia.ucr.ac.cr\/wp-content\/uploads\/2021\/08\/IMG_6791-1-2-1024x768.jpg 1024w, https:\/\/polinizadores.biologia.ucr.ac.cr\/wp-content\/uploads\/2021\/08\/IMG_6791-1-2-300x225.jpg 300w, https:\/\/polinizadores.biologia.ucr.ac.cr\/wp-content\/uploads\/2021\/08\/IMG_6791-1-2-768x576.jpg 768w, https:\/\/polinizadores.biologia.ucr.ac.cr\/wp-content\/uploads\/2021\/08\/IMG_6791-1-2-1536x1152.jpg 1536w, https:\/\/polinizadores.biologia.ucr.ac.cr\/wp-content\/uploads\/2021\/08\/IMG_6791-1-2-2048x1536.jpg 2048w\" sizes=\"auto, (max-width: 1024px) 100vw, 1024px\" \/><\/figure>\n<\/div>\n\n\n\n<div class=\"wp-block-column is-layout-flow wp-block-column-is-layout-flow\" style=\"flex-basis:33.33%\">\n<p class=\"has-text-align-right has-text-color has-large-font-size\" style=\"color:#efc800\"><strong>Polinizadores<\/strong><\/p>\n\n\n\n<p class=\"has-text-align-right has-small-font-size\">Los insectos polinizadores m\u00e1s importantes son las abejas, seguidos por las moscas y en menor grado los escarabajos. Estos insectos reciben a cambio de su &#8220;trabajo&#8221; de polinizar, recompensas alimentarias como el n\u00e9ctar de las flores o el mismo polen, y en algunos casos las flores constituyen un refugio o sitio de reuni\u00f3n de los insectos donde se aparean.<\/p>\n<\/div>\n<\/div>\n\n\n\n<div style=\"height:60px\" aria-hidden=\"true\" class=\"wp-block-spacer\"><\/div>\n\n\n\n<p class=\"has-small-font-size\">En este estudio hemos encontrado varias especies de abejas, por ejemplo, miembros de la familia Halictidae y del g\u00e9nero <em>Bombus <\/em>(\u201cchiquiz\u00e1s\u201d, \u201cabejorros\u201d).&nbsp; Tambi\u00e9n hemos encontrado una alta diversidad de moscas visitando las flores en tierras altas, especialmente las que pertenecen a las familias Syrphidae y Muscidae.<\/p>\n\n\n\n<div style=\"height:60px\" aria-hidden=\"true\" class=\"wp-block-spacer\"><\/div>\n\n\n\n<div class=\"wp-block-columns is-layout-flex wp-container-core-columns-is-layout-9d6595d7 wp-block-columns-is-layout-flex\">\n<div class=\"wp-block-column is-layout-flow wp-block-column-is-layout-flow\">\n<figure class=\"wp-block-image size-large\"><img loading=\"lazy\" decoding=\"async\" width=\"1024\" height=\"683\" src=\"https:\/\/polinizadores.biologia.ucr.ac.cr\/wp-content\/uploads\/2021\/08\/Pentacalia-firmipes-29nov2019-ACM2853-2-1024x683.jpg\" alt=\"\" class=\"wp-image-191\" srcset=\"https:\/\/polinizadores.biologia.ucr.ac.cr\/wp-content\/uploads\/2021\/08\/Pentacalia-firmipes-29nov2019-ACM2853-2-1024x683.jpg 1024w, https:\/\/polinizadores.biologia.ucr.ac.cr\/wp-content\/uploads\/2021\/08\/Pentacalia-firmipes-29nov2019-ACM2853-2-300x200.jpg 300w, https:\/\/polinizadores.biologia.ucr.ac.cr\/wp-content\/uploads\/2021\/08\/Pentacalia-firmipes-29nov2019-ACM2853-2-768x512.jpg 768w, https:\/\/polinizadores.biologia.ucr.ac.cr\/wp-content\/uploads\/2021\/08\/Pentacalia-firmipes-29nov2019-ACM2853-2-1536x1024.jpg 1536w, https:\/\/polinizadores.biologia.ucr.ac.cr\/wp-content\/uploads\/2021\/08\/Pentacalia-firmipes-29nov2019-ACM2853-2-2048x1365.jpg 2048w\" sizes=\"auto, (max-width: 1024px) 100vw, 1024px\" \/><\/figure>\n<\/div>\n\n\n\n<div class=\"wp-block-column is-layout-flow wp-block-column-is-layout-flow\">\n<figure class=\"wp-block-image size-large\"><img loading=\"lazy\" decoding=\"async\" width=\"1024\" height=\"683\" src=\"https:\/\/polinizadores.biologia.ucr.ac.cr\/wp-content\/uploads\/2021\/08\/MG_5334-1024x683.jpg\" alt=\"\" class=\"wp-image-192\" srcset=\"https:\/\/polinizadores.biologia.ucr.ac.cr\/wp-content\/uploads\/2021\/08\/MG_5334-1024x683.jpg 1024w, https:\/\/polinizadores.biologia.ucr.ac.cr\/wp-content\/uploads\/2021\/08\/MG_5334-300x200.jpg 300w, https:\/\/polinizadores.biologia.ucr.ac.cr\/wp-content\/uploads\/2021\/08\/MG_5334-768x512.jpg 768w, https:\/\/polinizadores.biologia.ucr.ac.cr\/wp-content\/uploads\/2021\/08\/MG_5334-1536x1024.jpg 1536w, https:\/\/polinizadores.biologia.ucr.ac.cr\/wp-content\/uploads\/2021\/08\/MG_5334-2048x1365.jpg 2048w\" sizes=\"auto, (max-width: 1024px) 100vw, 1024px\" \/><\/figure>\n<\/div>\n<\/div>\n\n\n\n<div class=\"wp-block-columns is-layout-flex wp-container-core-columns-is-layout-9d6595d7 wp-block-columns-is-layout-flex\">\n<div class=\"wp-block-column is-layout-flow wp-block-column-is-layout-flow\">\n<figure class=\"wp-block-image size-large\"><img loading=\"lazy\" decoding=\"async\" width=\"1024\" height=\"683\" src=\"https:\/\/polinizadores.biologia.ucr.ac.cr\/wp-content\/uploads\/2021\/08\/MG_5340-1-1024x683.jpg\" alt=\"\" class=\"wp-image-194\" srcset=\"https:\/\/polinizadores.biologia.ucr.ac.cr\/wp-content\/uploads\/2021\/08\/MG_5340-1-1024x683.jpg 1024w, https:\/\/polinizadores.biologia.ucr.ac.cr\/wp-content\/uploads\/2021\/08\/MG_5340-1-300x200.jpg 300w, https:\/\/polinizadores.biologia.ucr.ac.cr\/wp-content\/uploads\/2021\/08\/MG_5340-1-768x512.jpg 768w, https:\/\/polinizadores.biologia.ucr.ac.cr\/wp-content\/uploads\/2021\/08\/MG_5340-1-1536x1024.jpg 1536w, https:\/\/polinizadores.biologia.ucr.ac.cr\/wp-content\/uploads\/2021\/08\/MG_5340-1-2048x1365.jpg 2048w\" sizes=\"auto, (max-width: 1024px) 100vw, 1024px\" \/><\/figure>\n<\/div>\n\n\n\n<div class=\"wp-block-column is-layout-flow wp-block-column-is-layout-flow\">\n<figure class=\"wp-block-image size-large\"><img loading=\"lazy\" decoding=\"async\" width=\"1024\" height=\"683\" src=\"https:\/\/polinizadores.biologia.ucr.ac.cr\/wp-content\/uploads\/2021\/08\/MG_5492-1-1024x683.jpg\" alt=\"\" class=\"wp-image-195\" srcset=\"https:\/\/polinizadores.biologia.ucr.ac.cr\/wp-content\/uploads\/2021\/08\/MG_5492-1-1024x683.jpg 1024w, https:\/\/polinizadores.biologia.ucr.ac.cr\/wp-content\/uploads\/2021\/08\/MG_5492-1-300x200.jpg 300w, https:\/\/polinizadores.biologia.ucr.ac.cr\/wp-content\/uploads\/2021\/08\/MG_5492-1-768x512.jpg 768w, https:\/\/polinizadores.biologia.ucr.ac.cr\/wp-content\/uploads\/2021\/08\/MG_5492-1-1536x1024.jpg 1536w, https:\/\/polinizadores.biologia.ucr.ac.cr\/wp-content\/uploads\/2021\/08\/MG_5492-1-2048x1365.jpg 2048w\" sizes=\"auto, (max-width: 1024px) 100vw, 1024px\" \/><\/figure>\n<\/div>\n<\/div>\n","protected":false},"excerpt":{"rendered":"<p>Sobre la polinizaci\u00f3n La polinizaci\u00f3n es un proceso natural en plantas que es necesario para la producci\u00f3n de frutos y semillas. Consiste en la transferencia del polen de una flor hacia el pistilo de otras flores, usualmente ocurre entre plantas de la misma especie, pero tambi\u00e9n puede ocurrir entre flores de la misma planta. Para llevar a cabo este proceso, &hellip; <\/p>\n","protected":false},"author":1,"featured_media":0,"parent":0,"menu_order":0,"comment_status":"closed","ping_status":"closed","template":"","meta":{"footnotes":""},"class_list":["post-10","page","type-page","status-publish","hentry"],"_links":{"self":[{"href":"https:\/\/polinizadores.biologia.ucr.ac.cr\/index.php\/wp-json\/wp\/v2\/pages\/10","targetHints":{"allow":["GET"]}}],"collection":[{"href":"https:\/\/polinizadores.biologia.ucr.ac.cr\/index.php\/wp-json\/wp\/v2\/pages"}],"about":[{"href":"https:\/\/polinizadores.biologia.ucr.ac.cr\/index.php\/wp-json\/wp\/v2\/types\/page"}],"author":[{"embeddable":true,"href":"https:\/\/polinizadores.biologia.ucr.ac.cr\/index.php\/wp-json\/wp\/v2\/users\/1"}],"replies":[{"embeddable":true,"href":"https:\/\/polinizadores.biologia.ucr.ac.cr\/index.php\/wp-json\/wp\/v2\/comments?post=10"}],"version-history":[{"count":9,"href":"https:\/\/polinizadores.biologia.ucr.ac.cr\/index.php\/wp-json\/wp\/v2\/pages\/10\/revisions"}],"predecessor-version":[{"id":210,"href":"https:\/\/polinizadores.biologia.ucr.ac.cr\/index.php\/wp-json\/wp\/v2\/pages\/10\/revisions\/210"}],"wp:attachment":[{"href":"https:\/\/polinizadores.biologia.ucr.ac.cr\/index.php\/wp-json\/wp\/v2\/media?parent=10"}],"curies":[{"name":"wp","href":"https:\/\/api.w.org\/{rel}","templated":true}]}}