{"id":7,"date":"2021-07-28T14:23:17","date_gmt":"2021-07-28T20:23:17","guid":{"rendered":"http:\/\/polinizadores.biologia.ucr.ac.cr\/?page_id=7"},"modified":"2021-08-09T15:59:30","modified_gmt":"2021-08-09T21:59:30","slug":"create-your-website-with-blocks","status":"publish","type":"page","link":"https:\/\/polinizadores.biologia.ucr.ac.cr\/","title":{"rendered":"Inicio"},"content":{"rendered":"\n<div style=\"height:150px\" aria-hidden=\"true\" class=\"wp-block-spacer\"><\/div>\n\n\n\n<h2 class=\"has-text-align-center has-text-color wp-block-heading\" style=\"color:#efc800\"><strong>Polinizaci\u00f3n de las zonas altas y su importancia para la econom\u00eda de los cultivos locales<\/strong><\/h2>\n\n\n\n<div style=\"height:60px\" aria-hidden=\"true\" class=\"wp-block-spacer\"><\/div>\n\n\n\n<div class=\"wp-block-columns is-layout-flex wp-container-core-columns-is-layout-9d6595d7 wp-block-columns-is-layout-flex\">\n<div class=\"wp-block-column is-vertically-aligned-center is-layout-flow wp-block-column-is-layout-flow\" style=\"flex-basis:100%\">\n<div class=\"wp-block-columns alignwide is-style-twentytwentyone-columns-overlap is-layout-flex wp-container-core-columns-is-layout-9d6595d7 wp-block-columns-is-layout-flex\">\n<div class=\"wp-block-column is-vertically-aligned-top is-layout-flow wp-block-column-is-layout-flow\">\n<p class=\"has-text-align-left has-small-font-size\">Las zonas altas de Costa Rica se caracterizan por su alta diversidad y su alto n\u00famero de especies \u00fanicas de la zona. Sin embargo, fen\u00f3menos como el cambio clim\u00e1tico y la deforestaci\u00f3n representan una amenaza, pues las especies de estos ecosistemas se enfrentan a la reducci\u00f3n de su h\u00e1bitat y a una posible extinci\u00f3n. La disminuci\u00f3n en la biodiversidad es causada por la reducci\u00f3n de las poblaciones y la extinci\u00f3n de especies, entre ellas los insectos, podr\u00eda afectar significativamente los servicios ecosist\u00e9micos que proveen los ambientes naturales.  Entre los servicios ecosist\u00e9micos podemos mencionar la conservaci\u00f3n de la biodiversidad y de las <\/p>\n<\/div>\n\n\n\n<div class=\"wp-block-column is-layout-flow wp-block-column-is-layout-flow\">\n<p class=\"has-text-align-left has-small-font-size\">interacciones entre las especies, la preservaci\u00f3n del suelo, la generaci\u00f3n de recursos h\u00eddricos y el mantenimiento de poblaciones de polinizadores necesarios en la agricultura. El proyecto <strong>\u201cPolinizaci\u00f3n de las zonas altas y su importancia para la econom\u00eda de los cultivos locales\u201d<\/strong> propone describir c\u00f3mo las \u00e1reas naturales mantienen poblaciones de insectos necesarios para la polinizaci\u00f3n de los cultivos locales en la regi\u00f3n de Los Santos en la Cordillera de Talamanca; un \u00e1rea reconocida por su alta diversidad biol\u00f3gica y econom\u00eda agr\u00edcola a peque\u00f1a escala y en equilibrio con la naturaleza.<\/p>\n<\/div>\n<\/div>\n<\/div>\n<\/div>\n\n\n\n<div class=\"wp-block-image\"><figure class=\"aligncenter size-large is-resized\"><img loading=\"lazy\" decoding=\"async\" src=\"https:\/\/polinizadores.biologia.ucr.ac.cr\/wp-content\/uploads\/2021\/07\/MG_4331-1024x683.jpg\" alt=\"\" class=\"wp-image-116\" width=\"1024\" height=\"683\" srcset=\"https:\/\/polinizadores.biologia.ucr.ac.cr\/wp-content\/uploads\/2021\/07\/MG_4331-1024x683.jpg 1024w, https:\/\/polinizadores.biologia.ucr.ac.cr\/wp-content\/uploads\/2021\/07\/MG_4331-300x200.jpg 300w, https:\/\/polinizadores.biologia.ucr.ac.cr\/wp-content\/uploads\/2021\/07\/MG_4331-768x512.jpg 768w, https:\/\/polinizadores.biologia.ucr.ac.cr\/wp-content\/uploads\/2021\/07\/MG_4331-1536x1024.jpg 1536w, https:\/\/polinizadores.biologia.ucr.ac.cr\/wp-content\/uploads\/2021\/07\/MG_4331-2048x1365.jpg 2048w\" sizes=\"auto, (max-width: 1024px) 100vw, 1024px\" \/><\/figure><\/div>\n\n\n\n<div style=\"height:60px\" aria-hidden=\"true\" class=\"wp-block-spacer\"><\/div>\n\n\n\n<h2 class=\"has-text-align-center has-text-color wp-block-heading\" style=\"color:#efc800\">Ejes biol\u00f3gicos<\/h2>\n\n\n\n<div style=\"height:60px\" aria-hidden=\"true\" class=\"wp-block-spacer\"><\/div>\n\n\n\n<div class=\"wp-block-columns alignwide is-layout-flex wp-container-core-columns-is-layout-9d6595d7 wp-block-columns-is-layout-flex\">\n<div class=\"wp-block-column is-vertically-aligned-bottom is-layout-flow wp-block-column-is-layout-flow\">\n<h3 class=\"has-text-align-center has-text-color wp-block-heading\" style=\"color:#e7582e\">Fenolog\u00eda<\/h3>\n\n\n\n<p class=\"has-text-align-center has-small-font-size\">Reconocer los periodos de floraci\u00f3n de las plantas en las zonas altas e identificar los insectos que llegan a ellas.<\/p>\n<\/div>\n\n\n\n<div class=\"wp-block-column is-vertically-aligned-top is-layout-flow wp-block-column-is-layout-flow\">\n<h3 class=\"has-text-align-center has-text-color wp-block-heading\" style=\"color:#516d4a\">Barcoding<\/h3>\n\n\n\n<p class=\"has-text-align-center has-small-font-size\">Crear los c\u00f3digos de barras gen\u00e9ticos para las plantas de las zonas altas y los insectos visitantes de estas.<\/p>\n<\/div>\n\n\n\n<div class=\"wp-block-column is-vertically-aligned-top is-layout-flow wp-block-column-is-layout-flow\">\n<h3 class=\"has-text-align-center has-text-color wp-block-heading\" style=\"color:#5f85c1\">Interacci\u00f3n<\/h3>\n\n\n\n<p class=\"has-text-align-center has-small-font-size\">Determinar cu\u00e1les de estas plantas atraen insectos que polinizan cultivos de las zonas altas.<\/p>\n<\/div>\n<\/div>\n\n\n\n<div class=\"wp-block-image\"><figure class=\"aligncenter size-large is-resized\"><img loading=\"lazy\" decoding=\"async\" src=\"https:\/\/polinizadores.biologia.ucr.ac.cr\/wp-content\/uploads\/2021\/07\/IMG_7430-1-1024x768.jpg\" alt=\"\" class=\"wp-image-115\" width=\"1024\" height=\"768\" srcset=\"https:\/\/polinizadores.biologia.ucr.ac.cr\/wp-content\/uploads\/2021\/07\/IMG_7430-1-1024x768.jpg 1024w, https:\/\/polinizadores.biologia.ucr.ac.cr\/wp-content\/uploads\/2021\/07\/IMG_7430-1-300x225.jpg 300w, https:\/\/polinizadores.biologia.ucr.ac.cr\/wp-content\/uploads\/2021\/07\/IMG_7430-1-768x576.jpg 768w, https:\/\/polinizadores.biologia.ucr.ac.cr\/wp-content\/uploads\/2021\/07\/IMG_7430-1-1536x1152.jpg 1536w, https:\/\/polinizadores.biologia.ucr.ac.cr\/wp-content\/uploads\/2021\/07\/IMG_7430-1-2048x1536.jpg 2048w\" sizes=\"auto, (max-width: 1024px) 100vw, 1024px\" \/><\/figure><\/div>\n\n\n\n<div style=\"height:60px\" aria-hidden=\"true\" class=\"wp-block-spacer\"><\/div>\n\n\n\n<h2 class=\"has-text-align-center has-text-color wp-block-heading\" style=\"color:#efc800\">Proyecto impulsado por<\/h2>\n\n\n\n<div style=\"height:50px\" aria-hidden=\"true\" class=\"wp-block-spacer\"><\/div>\n\n\n\n<div class=\"wp-block-columns are-vertically-aligned-bottom is-layout-flex wp-container-core-columns-is-layout-9d6595d7 wp-block-columns-is-layout-flex\">\n<div class=\"wp-block-column is-layout-flow wp-block-column-is-layout-flow\">\n<div class=\"wp-block-columns is-layout-flex wp-container-core-columns-is-layout-9d6595d7 wp-block-columns-is-layout-flex\">\n<div class=\"wp-block-column is-layout-flow wp-block-column-is-layout-flow\">\n<div class=\"wp-block-image\"><figure class=\"aligncenter size-large\"><img loading=\"lazy\" decoding=\"async\" width=\"1000\" height=\"200\" src=\"https:\/\/polinizadores.biologia.ucr.ac.cr\/wp-content\/uploads\/2021\/07\/logosbiolo-1.png\" alt=\"\" class=\"wp-image-92\" srcset=\"https:\/\/polinizadores.biologia.ucr.ac.cr\/wp-content\/uploads\/2021\/07\/logosbiolo-1.png 1000w, https:\/\/polinizadores.biologia.ucr.ac.cr\/wp-content\/uploads\/2021\/07\/logosbiolo-1-300x60.png 300w, https:\/\/polinizadores.biologia.ucr.ac.cr\/wp-content\/uploads\/2021\/07\/logosbiolo-1-768x154.png 768w\" sizes=\"auto, (max-width: 1000px) 100vw, 1000px\" \/><\/figure><\/div>\n<\/div>\n<\/div>\n<\/div>\n<\/div>\n\n\n\n<p><\/p>\n","protected":false},"excerpt":{"rendered":"<p>Polinizaci\u00f3n de las zonas altas y su importancia para la econom\u00eda de los cultivos locales Las zonas altas de Costa Rica se caracterizan por su alta diversidad y su alto n\u00famero de especies \u00fanicas de la zona. Sin embargo, fen\u00f3menos como el cambio clim\u00e1tico y la deforestaci\u00f3n representan una amenaza, pues las especies de estos ecosistemas se enfrentan a la &hellip; <\/p>\n","protected":false},"author":1,"featured_media":0,"parent":0,"menu_order":0,"comment_status":"closed","ping_status":"closed","template":"","meta":{"footnotes":""},"class_list":["post-7","page","type-page","status-publish","hentry"],"_links":{"self":[{"href":"https:\/\/polinizadores.biologia.ucr.ac.cr\/index.php\/wp-json\/wp\/v2\/pages\/7","targetHints":{"allow":["GET"]}}],"collection":[{"href":"https:\/\/polinizadores.biologia.ucr.ac.cr\/index.php\/wp-json\/wp\/v2\/pages"}],"about":[{"href":"https:\/\/polinizadores.biologia.ucr.ac.cr\/index.php\/wp-json\/wp\/v2\/types\/page"}],"author":[{"embeddable":true,"href":"https:\/\/polinizadores.biologia.ucr.ac.cr\/index.php\/wp-json\/wp\/v2\/users\/1"}],"replies":[{"embeddable":true,"href":"https:\/\/polinizadores.biologia.ucr.ac.cr\/index.php\/wp-json\/wp\/v2\/comments?post=7"}],"version-history":[{"count":50,"href":"https:\/\/polinizadores.biologia.ucr.ac.cr\/index.php\/wp-json\/wp\/v2\/pages\/7\/revisions"}],"predecessor-version":[{"id":215,"href":"https:\/\/polinizadores.biologia.ucr.ac.cr\/index.php\/wp-json\/wp\/v2\/pages\/7\/revisions\/215"}],"wp:attachment":[{"href":"https:\/\/polinizadores.biologia.ucr.ac.cr\/index.php\/wp-json\/wp\/v2\/media?parent=7"}],"curies":[{"name":"wp","href":"https:\/\/api.w.org\/{rel}","templated":true}]}}