{"id":9,"date":"2021-07-28T14:23:17","date_gmt":"2021-07-28T20:23:17","guid":{"rendered":"http:\/\/polinizadores.biologia.ucr.ac.cr\/?page_id=9"},"modified":"2024-05-30T15:41:58","modified_gmt":"2024-05-30T21:41:58","slug":"contacto","status":"publish","type":"page","link":"https:\/\/polinizadores.biologia.ucr.ac.cr\/index.php\/contacto\/","title":{"rendered":"Investigaci\u00f3n"},"content":{"rendered":"\n<figure class=\"wp-block-embed is-type-video is-provider-youtube wp-block-embed-youtube wp-embed-aspect-16-9 wp-has-aspect-ratio\"><div class=\"wp-block-embed__wrapper\">\n<iframe loading=\"lazy\" title=\"Video Cienti\u0301fico\" width=\"780\" height=\"439\" src=\"https:\/\/www.youtube.com\/embed\/w4x4WNW-C3o?feature=oembed\" frameborder=\"0\" allow=\"accelerometer; autoplay; clipboard-write; encrypted-media; gyroscope; picture-in-picture; web-share\" referrerpolicy=\"strict-origin-when-cross-origin\" allowfullscreen><\/iframe>\n<\/div><\/figure>\n\n\n\n<div style=\"height:60px\" aria-hidden=\"true\" class=\"wp-block-spacer\"><\/div>\n\n\n\n<p class=\"has-small-font-size\">Las observaciones sobre los patrones de floraci\u00f3n y de documentaci\u00f3n de la flora, en conjunto con datos moleculares preliminares, han revelado resultados interesantes sobre la identidad taxon\u00f3mica de algunas especies del p\u00e1ramo y que ameritan un seguimiento.<\/p>\n\n\n\n<div style=\"height:60px\" aria-hidden=\"true\" class=\"wp-block-spacer\"><\/div>\n\n\n\n<div class=\"wp-block-columns is-layout-flex wp-container-core-columns-is-layout-9d6595d7 wp-block-columns-is-layout-flex\">\n<div class=\"wp-block-column is-vertically-aligned-top is-layout-flow wp-block-column-is-layout-flow\"><div class=\"wp-block-image\">\n<figure class=\"aligncenter size-large\"><img loading=\"lazy\" decoding=\"async\" width=\"1024\" height=\"682\" src=\"https:\/\/polinizadores.biologia.ucr.ac.cr\/wp-content\/uploads\/2021\/08\/Captura-de-Pantalla-2021-08-12-a-las-15.40.53-1024x682.png\" alt=\"\" class=\"wp-image-304\" srcset=\"https:\/\/polinizadores.biologia.ucr.ac.cr\/wp-content\/uploads\/2021\/08\/Captura-de-Pantalla-2021-08-12-a-las-15.40.53-1024x682.png 1024w, https:\/\/polinizadores.biologia.ucr.ac.cr\/wp-content\/uploads\/2021\/08\/Captura-de-Pantalla-2021-08-12-a-las-15.40.53-300x200.png 300w, https:\/\/polinizadores.biologia.ucr.ac.cr\/wp-content\/uploads\/2021\/08\/Captura-de-Pantalla-2021-08-12-a-las-15.40.53-768x512.png 768w, https:\/\/polinizadores.biologia.ucr.ac.cr\/wp-content\/uploads\/2021\/08\/Captura-de-Pantalla-2021-08-12-a-las-15.40.53.png 1030w\" sizes=\"auto, (max-width: 1024px) 100vw, 1024px\" \/><\/figure>\n<\/div><\/div>\n\n\n\n<div class=\"wp-block-column is-vertically-aligned-center is-layout-flow wp-block-column-is-layout-flow\">\n<p class=\"has-text-color has-medium-font-size\" style=\"color:#516d4a\">\u00a1Los bosques montanos de Costa Rica florecen m\u00e1s que los p\u00e1ramos cercanos!<\/p>\n\n\n\n<p class=\"has-small-font-size\"><a href=\"https:\/\/peerj.com\/articles\/14445\">https:\/\/peerj.com\/articles\/14445<\/a><\/p>\n\n\n\n<p class=\"has-small-font-size\">En nuestro estudio encontramos diferencias en la floraci\u00f3n de plantas herb\u00e1ceas entre un bosque montano y el p\u00e1ramo adyacente en Costa Rica.<\/p>\n\n\n\n<p class=\"has-small-font-size\">Encontramos que:<\/p>\n\n\n\n<ul class=\"has-small-font-size wp-block-list\">\n<li>A lo largo del a\u00f1o, los bosques montanos tienen m\u00e1s especies en floraci\u00f3n que los p\u00e1ramos, ofreciendo as\u00ed una mayor diversidad de recursos florales para los polinizadores, entre los que destacan moscas, abejas y colibr\u00edes.<\/li>\n\n\n\n<li>Los picos de floraci\u00f3n difieren entre estaciones. La mayor\u00eda de las plantas en ambos ecosistemas florecen durante la estaci\u00f3n seca; sin embargo, las plantas polinizadas por insectos alcanzan su pico de floraci\u00f3n durante la temporada lluviosa.<\/li>\n\n\n\n<li>Las condiciones \u00fanicas del p\u00e1ramo costarricense (menor tama\u00f1o y mayor aislamiento) pueden explicar su menor diversidad flor\u00edstica en comparaci\u00f3n con los bosques montanos.<\/li>\n\n\n\n<li>Mayor endemismo en el p\u00e1ramo. A pesar de que el p\u00e1ramo tiene un menor n\u00famero de especies que el bosque montano, tiene una mayor cantidad de especies \u00fanicas (end\u00e9micas) para el planeta.<\/li>\n\n\n\n<li>El cambio clim\u00e1tico y las actividades humanas amenazan a los p\u00e1ramos. El aumento de la temperatura y los per\u00edodos secos, junto con los incendios, el cambio de uso de suelo y las especies invasoras, podr\u00edan da\u00f1ar estos fr\u00e1giles ecosistemas y sus polinizadores.<\/li>\n<\/ul>\n\n\n\n<p class=\"has-small-font-size\">Esta investigaci\u00f3n destaca la importancia de proteger los bosques montanos y los p\u00e1ramos, que proporcionan recursos florales que son vitales para los polinizadores, los cuales a su vez proveen un importante servicio para la preservaci\u00f3n de estos ecosistemas. Adem\u00e1s, son sitios de gran atracci\u00f3n tur\u00edstica y zonas de recarga acu\u00edfera.<\/p>\n<\/div>\n<\/div>\n\n\n\n<div class=\"wp-block-columns is-layout-flex wp-container-core-columns-is-layout-9d6595d7 wp-block-columns-is-layout-flex\">\n<div class=\"wp-block-column is-layout-flow wp-block-column-is-layout-flow\"><div class=\"wp-block-image\">\n<figure class=\"aligncenter size-large\"><img loading=\"lazy\" decoding=\"async\" width=\"456\" height=\"438\" src=\"https:\/\/polinizadores.biologia.ucr.ac.cr\/wp-content\/uploads\/2021\/08\/Captura-de-Pantalla-2021-08-12-a-las-15.41.38.png\" alt=\"\" class=\"wp-image-305\" srcset=\"https:\/\/polinizadores.biologia.ucr.ac.cr\/wp-content\/uploads\/2021\/08\/Captura-de-Pantalla-2021-08-12-a-las-15.41.38.png 456w, https:\/\/polinizadores.biologia.ucr.ac.cr\/wp-content\/uploads\/2021\/08\/Captura-de-Pantalla-2021-08-12-a-las-15.41.38-300x288.png 300w\" sizes=\"auto, (max-width: 456px) 100vw, 456px\" \/><\/figure>\n<\/div><\/div>\n\n\n\n<div class=\"wp-block-column is-vertically-aligned-center is-layout-flow wp-block-column-is-layout-flow\">\n<p class=\"has-text-color has-medium-font-size\" style=\"color:#516d4a\">\u00a1Las flores de los bosques montanos alimentan a los polinizadores, pero en los p\u00e1ramos es un desaf\u00edo!<\/p>\n\n\n\n<p class=\"has-small-font-size\"><a href=\"https:\/\/doi.org\/10.1371\/journal.pone.0295258\">https:\/\/doi.org\/10.1371\/journal.pone.0295258<\/a><\/p>\n\n\n\n<p class=\"has-small-font-size\">Investigamos c\u00f3mo interact\u00faan las plantas y los polinizadores en los ecosistemas monta\u00f1osos de Costa Rica. Nuestros principales resultados son:<\/p>\n\n\n\n<ul class=\"has-small-font-size wp-block-list\">\n<li>Los p\u00e1ramos tienen condiciones muy particulares que los hacen \u00fanicos en el planeta. Las condiciones clim\u00e1ticas extremas que los caracterizan, como por ejemplo, temperaturas muy bajas, suelos muy pobres y una estaci\u00f3n seca bastante definida, hacen que muy pocas especies logran adaptarse a esas condiciones.<\/li>\n\n\n\n<li>Los p\u00e1ramos tienen mayor endemismo aunque menor diversidad. Como consecuencia de las condiciones que caracterizan este ecosistema,este alberga menos especies pero muchas de ellas son \u00fanicas en el mundo.<\/li>\n\n\n\n<li>Los p\u00e1ramos proporcionan menos recursos. La menor diversidad de plantas en el p\u00e1ramo limita el alimento para polinizadores como insectos (principalmente moscas y abejas) y colibr\u00edes en los p\u00e1ramos. <\/li>\n\n\n\n<li>Los cambios estacionales afectan las interacciones planta-polinizador. La mayor\u00eda de las plantas florecen en la estaci\u00f3n seca, mientras que los insectos son m\u00e1s abundantes en la estaci\u00f3n lluviosa.<\/li>\n\n\n\n<li>Las condiciones adversas a mayor altitud pueden obligar a algunos polinizadores a volverse generalistas, aliment\u00e1ndose de una variedad m\u00e1s amplia de plantas para sobrevivir. Sin embargo, los generalistas pueden perder la capacidad de polinizar efectivamente algunas plantas espec\u00edficas, con consecuencias negativas para la reproducci\u00f3n de estas plantas y la salud del ecosistema en general.<\/li>\n\n\n\n<li>El cambio clim\u00e1tico es una amenaza tanto para los bosques montanos como para los p\u00e1ramos. Proteger estos ecosistemas es crucial para mantener saludables las interacciones entre plantas y polinizadores. Esta interacci\u00f3n es importante para la conservaci\u00f3n y para la producci\u00f3n agr\u00edcola que depende de los  polinizadores.\n<ul class=\"wp-block-list\">\n<li><\/li>\n<\/ul>\n<\/li>\n<\/ul>\n\n\n\n<p class=\"has-small-font-size\">En resumen, nuestro estudio muestra que las interacciones entre plantas y polinizadores en los ecosistemas monta\u00f1osos tropicales son complejas y se ven afectadas por una variedad de factores. Entender estas interacciones es importante para la conservaci\u00f3n de estos ecosistemas y los servicios que ellos brindan.<\/p>\n<\/div>\n<\/div>\n\n\n\n<div style=\"height:60px\" aria-hidden=\"true\" class=\"wp-block-spacer\"><\/div>\n\n\n\n<p class=\"has-medium-font-size\"><strong>Entrevista con el Dr. Eric Fuchs<\/strong><\/p>\n\n\n\n<p class=\"has-small-font-size\">Caracterizando la biodiversidad de los bosques montanos altos: un servicio ecosist\u00e9mico de polinizaci\u00f3n para la agricultura local. El Dr. \u00c9ric Fuchs estudia y conversa con el programa &#8220;En La Academia&#8221; c\u00f3mo son las redes de interacci\u00f3n entre las \u00e1reas protegidas en bosques montanos altos de nuestro pa\u00eds, las especies polinizadoras y la agricultura local.<\/p>\n\n\n\n<div style=\"height:60px\" aria-hidden=\"true\" class=\"wp-block-spacer\"><\/div>\n\n\n\n<figure class=\"wp-block-embed is-type-rich is-provider-soundcloud wp-block-embed-soundcloud wp-embed-aspect-4-3 wp-has-aspect-ratio\"><div class=\"wp-block-embed__wrapper\">\n<iframe loading=\"lazy\" title=\"Biodiversidad de bosques montanos altos: un servicio de polinizaci\u00f3n para la agricultura local by Jimena Araya\" width=\"780\" height=\"400\" scrolling=\"no\" frameborder=\"no\" src=\"https:\/\/w.soundcloud.com\/player\/?visual=true&#038;url=https%3A%2F%2Fapi.soundcloud.com%2Ftracks%2F1112768608&#038;show_artwork=true&#038;maxheight=1000&#038;maxwidth=780\"><\/iframe>\n<\/div><\/figure>\n\n\n\n<p><\/p>\n","protected":false},"excerpt":{"rendered":"<p>Las observaciones sobre los patrones de floraci\u00f3n y de documentaci\u00f3n de la flora, en conjunto con datos moleculares preliminares, han revelado resultados interesantes sobre la identidad taxon\u00f3mica de algunas especies del p\u00e1ramo y que ameritan un seguimiento. \u00a1Los bosques montanos de Costa Rica florecen m\u00e1s que los p\u00e1ramos cercanos! https:\/\/peerj.com\/articles\/14445 En nuestro estudio encontramos diferencias en la floraci\u00f3n de plantas &hellip; <\/p>\n","protected":false},"author":1,"featured_media":0,"parent":0,"menu_order":0,"comment_status":"closed","ping_status":"closed","template":"","meta":{"footnotes":""},"class_list":["post-9","page","type-page","status-publish","hentry"],"_links":{"self":[{"href":"https:\/\/polinizadores.biologia.ucr.ac.cr\/index.php\/wp-json\/wp\/v2\/pages\/9","targetHints":{"allow":["GET"]}}],"collection":[{"href":"https:\/\/polinizadores.biologia.ucr.ac.cr\/index.php\/wp-json\/wp\/v2\/pages"}],"about":[{"href":"https:\/\/polinizadores.biologia.ucr.ac.cr\/index.php\/wp-json\/wp\/v2\/types\/page"}],"author":[{"embeddable":true,"href":"https:\/\/polinizadores.biologia.ucr.ac.cr\/index.php\/wp-json\/wp\/v2\/users\/1"}],"replies":[{"embeddable":true,"href":"https:\/\/polinizadores.biologia.ucr.ac.cr\/index.php\/wp-json\/wp\/v2\/comments?post=9"}],"version-history":[{"count":43,"href":"https:\/\/polinizadores.biologia.ucr.ac.cr\/index.php\/wp-json\/wp\/v2\/pages\/9\/revisions"}],"predecessor-version":[{"id":364,"href":"https:\/\/polinizadores.biologia.ucr.ac.cr\/index.php\/wp-json\/wp\/v2\/pages\/9\/revisions\/364"}],"wp:attachment":[{"href":"https:\/\/polinizadores.biologia.ucr.ac.cr\/index.php\/wp-json\/wp\/v2\/media?parent=9"}],"curies":[{"name":"wp","href":"https:\/\/api.w.org\/{rel}","templated":true}]}}